{"id":24702,"date":"2018-07-16T12:18:55","date_gmt":"2018-07-16T12:18:55","guid":{"rendered":"http:\/\/www.comincioli.it\/gli-oliveti-16-ettari\/"},"modified":"2025-05-15T12:08:31","modified_gmt":"2025-05-15T10:08:31","slug":"oliveti","status":"publish","type":"page","link":"https:\/\/www.comincioli.it\/en\/oliveti\/","title":{"rendered":"The Olive Groves"},"content":{"rendered":"<div class=\"wpb-content-wrapper\"><p>[vc_row css=&#8221;.vc_custom_1530182056107{background-color: rgba(221,202,159,0.13) !important;background-position: center !important;background-repeat: no-repeat !important;background-size: cover !important;*background-color: rgb(221,202,159) !important;}&#8221;][vc_column][vc_row_inner][vc_column_inner width=&#8221;1\/4&#8243;][\/vc_column_inner][vc_column_inner width=&#8221;1\/2&#8243;][vc_custom_heading text=&#8221;LOCAL LAKE GARDA CULTIVARS.&#8221; font_container=&#8221;tag:h3|text_align:center&#8221; use_theme_fonts=&#8221;yes&#8221; css=&#8221;.vc_custom_1739400535484{margin-top: -15px !important;}&#8221;][vc_column_text css=&#8221;.vc_custom_1747303707189{margin-right: 35px !important;margin-left: 35px !important;background-position: center !important;background-repeat: no-repeat !important;background-size: contain !important;}&#8221;]<\/p>\n<p style=\"text-align: center;\"><span style=\"color: #000000;\">We grow Casaliva, the autochthonous olive of Lake Garda, Raza, Favar\u00f6l, Mitria, Regina del Garda, Cornar\u00f6l, Drizzar, Trepp and Gargn\u00e0.<\/span><br \/>\n<span style=\"color: #000000;\">There is also Leccino, a variety present since the beginning of the 20th century, and not autochthonous ones like\u00a0 Pendolino.<\/span><\/p>\n<p>&nbsp;<\/p>\n<p><img loading=\"lazy\" decoding=\"async\" class=\"size-full wp-image-12042 aligncenter\" src=\"https:\/\/www.comincioli.it\/wp-content\/uploads\/2018\/03\/comincioli-dot.png\" alt=\"\" width=\"47\" height=\"47\" \/>[\/vc_column_text][vc_empty_space][\/vc_column_inner][vc_column_inner width=&#8221;1\/4&#8243;][\/vc_column_inner][\/vc_row_inner][vc_row_inner][vc_column_inner width=&#8221;1\/2&#8243; css=&#8221;.vc_custom_1531743438910{background-image: url(http:\/\/www.comincioli.it\/wp-content\/uploads\/2018\/04\/Olio-Produttivo_interno_Azienda-comincioli-home-page-azienda-agricola-olio-denocciolato-copy-8-1.jpg?id=12181) !important;background-position: center !important;background-repeat: no-repeat !important;background-size: cover !important;}&#8221;][vc_empty_space height=&#8221;500px&#8221;][\/vc_column_inner][vc_column_inner width=&#8221;1\/3&#8243; css=&#8221;.vc_custom_1531123359982{margin-top: 70px !important;margin-right: 20px !important;margin-left: 20px !important;}&#8221;][vc_custom_heading text=&#8221;OLIVE GROVES CULTIVATED WITH LOVE.&#8221; font_container=&#8221;tag:h3|text_align:left&#8221; use_theme_fonts=&#8221;yes&#8221; css=&#8221;.vc_custom_1544114389820{margin-top: 10px !important;margin-left: 35px !important;}&#8221;][vc_column_text css=&#8221;.vc_custom_1739400570714{margin-right: 35px !important;margin-left: 35px !important;background-position: center !important;background-repeat: no-repeat !important;background-size: contain !important;}&#8221;]<span style=\"color: #000000;\">The olives trees are cultivated using the multiple cone pyramid vase or cone vase training system, on grassy terrain.<\/span><br \/>\n<span style=\"color: #000000;\">They are pruned each year to guarantee the health of the plants and enhance production.<\/span><\/p>\n<p>&nbsp;<\/p>\n<p><img loading=\"lazy\" decoding=\"async\" class=\"size-full wp-image-12042 aligncenter\" src=\"https:\/\/www.comincioli.it\/wp-content\/uploads\/2018\/03\/comincioli-dot.png\" alt=\"\" width=\"47\" height=\"47\" \/>[\/vc_column_text][vc_empty_space height=&#8221;30px&#8221;][\/vc_column_inner][vc_column_inner width=&#8221;1\/6&#8243;][\/vc_column_inner][\/vc_row_inner][vc_row_inner][vc_column_inner width=&#8221;1\/2&#8243; css=&#8221;.vc_custom_1531743479523{background-image: url(http:\/\/www.comincioli.it\/wp-content\/uploads\/2018\/04\/Olio-Produttivo_interno_Azienda-comincioli-home-page-azienda-agricola-olio-denocciolato-copy-8.jpg?id=12183) !important;background-position: center !important;background-repeat: no-repeat !important;background-size: cover !important;}&#8221;][vc_empty_space height=&#8221;500px&#8221;][\/vc_column_inner][vc_column_inner width=&#8221;1\/2&#8243; css=&#8221;.vc_custom_1531743533918{background-image: url(http:\/\/www.comincioli.it\/wp-content\/uploads\/2018\/04\/comincioli-olii.jpg?id=12426) !important;background-position: center !important;background-repeat: no-repeat !important;background-size: cover !important;}&#8221;][vc_empty_space height=&#8221;500px&#8221;][\/vc_column_inner][\/vc_row_inner][vc_empty_space height=&#8221;4px&#8221; css=&#8221;.vc_custom_1530184277272{background-color: #e4241f !important;background-position: center !important;background-repeat: no-repeat !important;background-size: cover !important;}&#8221;][\/vc_column][\/vc_row]<\/p>\n<\/div>","protected":false},"excerpt":{"rendered":"<p>[vc_row css=&#8221;.vc_custom_1530182056107{background-color: rgba(221,202,159,0.13) !important;background-position: center !important;background-repeat: no-repeat !important;background-size: cover !important;*background-color: rgb(221,202,159) !important;}&#8221;][vc_column][vc_row_inner][vc_column_inner width=&#8221;1\/4&#8243;][\/vc_column_inner][vc_column_inner width=&#8221;1\/2&#8243;][vc_custom_heading text=&#8221;LOCAL LAKE GARDA CULTIVARS.&#8221; font_container=&#8221;tag:h3|text_align:center&#8221; use_theme_fonts=&#8221;yes&#8221; css=&#8221;.vc_custom_1739400535484{margin-top: -15px !important;}&#8221;][vc_column_text css=&#8221;.vc_custom_1747303707189{margin-right: 35px !important;margin-left: 35px !important;background-position: center !important;background-repeat: no-repeat !important;background-size: contain !important;}&#8221;] We grow Casaliva, the autochthonous olive of Lake Garda, Raza, Favar\u00f6l, [&hellip;]<\/p>\n","protected":false},"author":1,"featured_media":0,"parent":0,"menu_order":0,"comment_status":"closed","ping_status":"closed","template":"full-width.php","meta":{"footnotes":""},"class_list":["post-24702","page","type-page","status-publish","hentry"],"_links":{"self":[{"href":"https:\/\/www.comincioli.it\/en\/wp-json\/wp\/v2\/pages\/24702","targetHints":{"allow":["GET"]}}],"collection":[{"href":"https:\/\/www.comincioli.it\/en\/wp-json\/wp\/v2\/pages"}],"about":[{"href":"https:\/\/www.comincioli.it\/en\/wp-json\/wp\/v2\/types\/page"}],"author":[{"embeddable":true,"href":"https:\/\/www.comincioli.it\/en\/wp-json\/wp\/v2\/users\/1"}],"replies":[{"embeddable":true,"href":"https:\/\/www.comincioli.it\/en\/wp-json\/wp\/v2\/comments?post=24702"}],"version-history":[{"count":8,"href":"https:\/\/www.comincioli.it\/en\/wp-json\/wp\/v2\/pages\/24702\/revisions"}],"predecessor-version":[{"id":39080,"href":"https:\/\/www.comincioli.it\/en\/wp-json\/wp\/v2\/pages\/24702\/revisions\/39080"}],"wp:attachment":[{"href":"https:\/\/www.comincioli.it\/en\/wp-json\/wp\/v2\/media?parent=24702"}],"curies":[{"name":"wp","href":"https:\/\/api.w.org\/{rel}","templated":true}]}}